{"id":232,"date":"2021-06-13T18:54:17","date_gmt":"2021-06-13T18:54:17","guid":{"rendered":"http:\/\/132.247.225.120\/cultura\/?page_id=232"},"modified":"2022-02-11T01:42:18","modified_gmt":"2022-02-11T01:42:18","slug":"directorio","status":"publish","type":"page","link":"https:\/\/sedesenelextranjero.unam.mx\/index.php\/directorio\/","title":{"rendered":"Directorio"},"content":{"rendered":"<div id=\"pl-232\"  class=\"panel-layout\" ><div id=\"pg-232-0\"  class=\"panel-grid panel-no-style\" ><div id=\"pgc-232-0-0\"  class=\"panel-grid-cell panel-grid-cell-empty\" ><\/div><div id=\"pgc-232-0-1\"  class=\"panel-grid-cell panel-grid-cell-mobile-last\" ><div id=\"panel-232-0-1-0\" class=\"widget_text so-panel widget widget_custom_html panel-first-child\" data-index=\"0\" ><div class=\"textwidget custom-html-widget\"><br><br><br>\n<h3><strong><center><span class=\"fongothanbold\">Directorio<\/span><\/center><\/strong><\/h3>\n<\/div><\/div><div id=\"panel-232-0-1-1\" class=\"widget_text so-panel widget widget_custom_html\" data-index=\"1\" ><div class=\"textwidget custom-html-widget\">\t\t\t\t\t\t<style>\r\n\t\t\t\t<style>\r\n#wpsm_accordion_414 .wpsm_panel-heading{\r\n\tpadding:0px !important;\r\n}\r\n#wpsm_accordion_414 .wpsm_panel-title {\r\n\tmargin:0px !important; \r\n\ttext-transform:none !important;\r\n\tline-height: 1 !important;\r\n}\r\n#wpsm_accordion_414 .wpsm_panel-title a{\r\n\ttext-decoration:none;\r\n\toverflow:hidden;\r\n\tdisplay:block;\r\n\tpadding:0px;\r\n\tfont-size: 18px !important;\r\n\tfont-family: Tahoma !important;\r\n\tcolor:#000000 !important;\r\n\tborder-bottom:0px !important;\r\n}\r\n\r\n#wpsm_accordion_414 .wpsm_panel-title a:focus {\r\noutline: 0px !important;\r\n}\r\n\r\n#wpsm_accordion_414 .wpsm_panel-title a:hover, #wpsm_accordion_414 .wpsm_panel-title a:focus {\r\n\tcolor:#000000 !important;\r\n}\r\n#wpsm_accordion_414 .acc-a{\r\n\tcolor: #000000 !important;\r\n\tbackground-color:#f2f2f2 !important;\r\n\tborder-color: #ddd;\r\n}\r\n#wpsm_accordion_414 .wpsm_panel-default > .wpsm_panel-heading{\r\n\tcolor: #000000 !important;\r\n\tbackground-color: #f2f2f2 !important;\r\n\tborder-color: #f2f2f2 !important;\r\n\tborder-top-left-radius: 0px;\r\n\tborder-top-right-radius: 0px;\r\n}\r\n#wpsm_accordion_414 .wpsm_panel-default {\r\n\t\tborder:1px solid transparent !important;\r\n\t}\r\n#wpsm_accordion_414 {\r\n\tmargin-bottom: 20px;\r\n\toverflow: hidden;\r\n\tfloat: none;\r\n\twidth: 100%;\r\n\tdisplay: block;\r\n}\r\n#wpsm_accordion_414 .ac_title_class{\r\n\tdisplay: block;\r\n\tpadding-top: 12px;\r\n\tpadding-bottom: 12px;\r\n\tpadding-left: 15px;\r\n\tpadding-right: 15px;\r\n}\r\n#wpsm_accordion_414  .wpsm_panel {\r\n\toverflow:hidden;\r\n\t-webkit-box-shadow: 0 0px 0px rgba(0, 0, 0, .05);\r\n\tbox-shadow: 0 0px 0px rgba(0, 0, 0, .05);\r\n\t\tborder-radius: 4px;\r\n\t}\r\n#wpsm_accordion_414  .wpsm_panel + .wpsm_panel {\r\n\t\tmargin-top: 5px;\r\n\t}\r\n#wpsm_accordion_414  .wpsm_panel-body{\r\n\tbackground-color:#ffffff !important;\r\n\tcolor:#000000 !important;\r\n\tborder-top-color: #f2f2f2 !important;\r\n\tfont-size:16px !important;\r\n\tfont-family: Tahoma !important;\r\n\toverflow: hidden;\r\n\t\tborder: 2px solid transparent !important;\r\n\t}\r\n\r\n#wpsm_accordion_414 .ac_open_cl_icon{\r\n\tbackground-color:#f2f2f2 !important;\r\n\tcolor: #000000 !important;\r\n\tfloat:right !important;\r\n\tpadding-top: 12px !important;\r\n\tpadding-bottom: 12px !important;\r\n\tline-height: 1.0 !important;\r\n\tpadding-left: 15px !important;\r\n\tpadding-right: 15px !important;\r\n\tdisplay: inline-block !important;\r\n}\r\n\r\n\t\t\t #wpsm_accordion_414 .wpsm_panel-heading {\r\n\t\t\t\tbackground-image: url(https:\/\/sedesenelextranjero.unam.mx\/wp-content\/plugins\/responsive-accordion-and-collapse\/img\/style-soft.png);\r\n\t\t\t\tbackground-position: 0 0;\r\n\t\t\t\tbackground-repeat: repeat-x;\r\n\t\t\t}\r\n\t\t\t#wpsm_accordion_414 .ac_open_cl_icon{\r\n\t\t\t\tbackground-image: url(https:\/\/sedesenelextranjero.unam.mx\/wp-content\/plugins\/responsive-accordion-and-collapse\/img\/style-soft.png);\r\n\t\t\t\tbackground-position: 0 0;\r\n\t\t\t\tbackground-repeat: repeat-x;\r\n\t\t\t}\r\n\t\t\t<\/style>\t\r\n\t\t\t<\/style>\r\n\t\t\t<div class=\"wpsm_panel-group\" id=\"wpsm_accordion_414\" >\r\n\t\t\t\t\t\t\t\t\r\n\t\t\t\t\t<!-- Inner panel Start -->\r\n\t\t\t\t\t<div class=\"wpsm_panel wpsm_panel-default\">\r\n\t\t\t\t\t\t<div class=\"wpsm_panel-heading\" role=\"tab\" >\r\n\t\t\t\t\t\t  <h4 class=\"wpsm_panel-title\">\r\n\t\t\t\t\t\t\t<a  class=\"\"  data-toggle=\"collapse\" data-parent=\"#wpsm_accordion_414 \" href=\"javascript:void(0)\" data-target=\"#ac_414_collapse1\" onclick=\"do_resize()\">\r\n\t\t\t\t\t\t\t\t\t\t\t\t\t\t\t\t\t<span class=\"ac_open_cl_icon fa fa-plus\"><\/span>\r\n\t\t\t\t\t\t\t\t\t\r\n\t\t\t\t\t\t\t\t \r\n\t\t\t\t\t\t\t\t<span class=\"ac_title_class\">\r\n\t\t\t\t\t\t\t\t\tUniversidad Nacional Aut\u00f3noma de M\u00e9xico\t\t\t\t\t\t\t\t<\/span>\r\n\t\t\t\t\t\t\t<\/a>\r\n\t\t\t\t\t\t  <\/h4>\r\n\t\t\t\t\t\t<\/div>\r\n\t\t\t\t\t\t<div id=\"ac_414_collapse1\" class=\"wpsm_panel-collapse collapse \"  >\r\n\t\t\t\t\t\t  <div class=\"wpsm_panel-body\">\r\n\t\t\t\t\t\t\t<br><br>\r\nLeonardo Lomel\u00ed Vanegas<br>\r\n<strong>Rector<\/strong><br><br>\r\n\r\nPatricia Dolores D\u00e1vila Aranda<br>\r\n<strong>Secretaria General <\/strong><br><br>\r\n\r\nDiana Tamara Mart\u00ednez Ru\u00edz<br>\r\n<strong>Secretaria de Desarrollo Institucional<\/strong><br><br>\r\n\t\t\t\t\t\t  <\/div>\r\n\t\t\t\t\t\t<\/div>\r\n\t\t\t\t\t<\/div>\r\n\t\t\t\t\t<!-- Inner panel End -->\r\n\t\t\t\t\t\r\n\t\t\t\t\t\t\t\t\r\n\t\t\t\t\t<!-- Inner panel Start -->\r\n\t\t\t\t\t<div class=\"wpsm_panel wpsm_panel-default\">\r\n\t\t\t\t\t\t<div class=\"wpsm_panel-heading\" role=\"tab\" >\r\n\t\t\t\t\t\t  <h4 class=\"wpsm_panel-title\">\r\n\t\t\t\t\t\t\t<a  class=\"collapsed\"  data-toggle=\"collapse\" data-parent=\"#wpsm_accordion_414 \" href=\"javascript:void(0)\" data-target=\"#ac_414_collapse2\" onclick=\"do_resize()\">\r\n\t\t\t\t\t\t\t\t\t\t\t\t\t\t\t\t\t<span class=\"ac_open_cl_icon fa fa-plus\"><\/span>\r\n\t\t\t\t\t\t\t\t\t\r\n\t\t\t\t\t\t\t\t \r\n\t\t\t\t\t\t\t\t<span class=\"ac_title_class\">\r\n\t\t\t\t\t\t\t\t\tCoordinaci\u00f3n de Relaciones y Asuntos Internacionales\t\t\t\t\t\t\t\t<\/span>\r\n\t\t\t\t\t\t\t<\/a>\r\n\t\t\t\t\t\t  <\/h4>\r\n\t\t\t\t\t\t<\/div>\r\n\t\t\t\t\t\t<div id=\"ac_414_collapse2\" class=\"wpsm_panel-collapse collapse \"  >\r\n\t\t\t\t\t\t  <div class=\"wpsm_panel-body\">\r\n\t\t\t\t\t\t\t<br><br>\r\nWilliam Lee Alard\u00edn <br>\r\n<strong>Coordinador de Relaciones y Asuntos Internacionales<\/strong><br>\r\n<a href=\"mailto:crai@unam.mx\">  \r\ncrai@unam.mx <\/a><br><br>\r\n\r\nJulio Solano Gonz\u00e1lez<br>\r\n<strong>Director de la Unidad Coordinadora de las sedes de la UNAM en el extranjero\r\n<\/strong><br>\r\n<a href=\"mailto:direccion_sedes@crai.unam.mx\">  direccion_sedes@crai.unam.mx <\/a>\r\n <br><br>\r\n\r\nRodrigo Bueno Romo<br>\r\n<strong>Coordinador de Vinculaci\u00f3n y Evaluaci\u00f3n con sedes en el extranjero <\/strong><br>\r\n<a href=\"mailto:rodrigo.bueno@unam.mx\"> rodrigo.bueno@unam.mx <\/a> <br><br>\r\n\r\n<a class=\"boton_inicio\" style=\"margin: center\" href=\"http:\/\/crai.unam.mx\/ES\/directorio.html\" rel=\"noopener noreferrer\"><span class=\"fongothanbold\">Directorio CRAI<\/span><\/a><br><br>\t\t\t\t\t\t  <\/div>\r\n\t\t\t\t\t\t<\/div>\r\n\t\t\t\t\t<\/div>\r\n\t\t\t\t\t<!-- Inner panel End -->\r\n\t\t\t\t\t\r\n\t\t\t\t\t\t\t\t\r\n\t\t\t\t\t<!-- Inner panel Start -->\r\n\t\t\t\t\t<div class=\"wpsm_panel wpsm_panel-default\">\r\n\t\t\t\t\t\t<div class=\"wpsm_panel-heading\" role=\"tab\" >\r\n\t\t\t\t\t\t  <h4 class=\"wpsm_panel-title\">\r\n\t\t\t\t\t\t\t<a  class=\"collapsed\"  data-toggle=\"collapse\" data-parent=\"#wpsm_accordion_414 \" href=\"javascript:void(0)\" data-target=\"#ac_414_collapse3\" onclick=\"do_resize()\">\r\n\t\t\t\t\t\t\t\t\t\t\t\t\t\t\t\t\t<span class=\"ac_open_cl_icon fa fa-plus\"><\/span>\r\n\t\t\t\t\t\t\t\t\t\r\n\t\t\t\t\t\t\t\t \r\n\t\t\t\t\t\t\t\t<span class=\"ac_title_class\">\r\n\t\t\t\t\t\t\t\t\tDirecci\u00f3n General de Cooperaci\u00f3n e Internacionalizaci\u00f3n\t\t\t\t\t\t\t\t<\/span>\r\n\t\t\t\t\t\t\t<\/a>\r\n\t\t\t\t\t\t  <\/h4>\r\n\t\t\t\t\t\t<\/div>\r\n\t\t\t\t\t\t<div id=\"ac_414_collapse3\" class=\"wpsm_panel-collapse collapse \"  >\r\n\t\t\t\t\t\t  <div class=\"wpsm_panel-body\">\r\n\t\t\t\t\t\t\t <br><br>\r\nFrancisco Su\u00e1rez G\u00fcemes<br>\r\n<strong>Director General de Cooperaci\u00f3n e Internacionalizaci\u00f3n<\/strong><br>\r\n<a href=\"mailto:direcciongeneral@global.unam.mx\"> direcciongeneral@global.unam.mx  <\/a>  <br><br>\r\n\r\n<a class=\"boton_inicio\" style=\"margin: center\" href=\"https:\/\/www.unaminternacional.unam.mx\/es\/dgeci\/directorio\" rel=\"noopener noreferrer\"><span class=\"fongothanbold\">Directorio DGECI<\/span><\/a><br><br>\t\t\t\t\t\t  <\/div>\r\n\t\t\t\t\t\t<\/div>\r\n\t\t\t\t\t<\/div>\r\n\t\t\t\t\t<!-- Inner panel End -->\r\n\t\t\t\t\t\r\n\t\t\t\t\t\t\t\t\r\n\t\t\t\t\t<!-- Inner panel Start -->\r\n\t\t\t\t\t<div class=\"wpsm_panel wpsm_panel-default\">\r\n\t\t\t\t\t\t<div class=\"wpsm_panel-heading\" role=\"tab\" >\r\n\t\t\t\t\t\t  <h4 class=\"wpsm_panel-title\">\r\n\t\t\t\t\t\t\t<a  class=\"collapsed\"  data-toggle=\"collapse\" data-parent=\"#wpsm_accordion_414 \" href=\"javascript:void(0)\" data-target=\"#ac_414_collapse4\" onclick=\"do_resize()\">\r\n\t\t\t\t\t\t\t\t\t\t\t\t\t\t\t\t\t<span class=\"ac_open_cl_icon fa fa-plus\"><\/span>\r\n\t\t\t\t\t\t\t\t\t\r\n\t\t\t\t\t\t\t\t \r\n\t\t\t\t\t\t\t\t<span class=\"ac_title_class\">\r\n\t\t\t\t\t\t\t\t\tCentro de Ense\u00f1anza para Extranjeros\t\t\t\t\t\t\t\t<\/span>\r\n\t\t\t\t\t\t\t<\/a>\r\n\t\t\t\t\t\t  <\/h4>\r\n\t\t\t\t\t\t<\/div>\r\n\t\t\t\t\t\t<div id=\"ac_414_collapse4\" class=\"wpsm_panel-collapse collapse \"  >\r\n\t\t\t\t\t\t  <div class=\"wpsm_panel-body\">\r\n\t\t\t\t\t\t\t <br><br>\r\nAna Elsa P\u00e9rez Mart\u00ednez<br>\r\n<strong>Directora del Centro de Ense\u00f1anza para Extranjeros<\/strong><br>\r\n<a href=\"mailto:anel@cepe.unam.mx\"> anel@cepe.unam.mx<\/a>  <br><br>\r\n\r\n<a class=\"boton_inicio\" style=\"margin: center\" href=\"https:\/\/www.cepe.unam.mx\/directorio-administrativo\" rel=\"noopener noreferrer\"><span class=\"fongothanbold\">Directorio CEPE<\/span><\/a><br><br>\t\t\t\t\t\t  <\/div>\r\n\t\t\t\t\t\t<\/div>\r\n\t\t\t\t\t<\/div>\r\n\t\t\t\t\t<!-- Inner panel End -->\r\n\t\t\t\t\t\r\n\t\t\t\t\t\t\t\t\r\n\t\t\t\t\t<!-- Inner panel Start -->\r\n\t\t\t\t\t<div class=\"wpsm_panel wpsm_panel-default\">\r\n\t\t\t\t\t\t<div class=\"wpsm_panel-heading\" role=\"tab\" >\r\n\t\t\t\t\t\t  <h4 class=\"wpsm_panel-title\">\r\n\t\t\t\t\t\t\t<a  class=\"collapsed\"  data-toggle=\"collapse\" data-parent=\"#wpsm_accordion_414 \" href=\"javascript:void(0)\" data-target=\"#ac_414_collapse5\" onclick=\"do_resize()\">\r\n\t\t\t\t\t\t\t\t\t\t\t\t\t\t\t\t\t<span class=\"ac_open_cl_icon fa fa-plus\"><\/span>\r\n\t\t\t\t\t\t\t\t\t\r\n\t\t\t\t\t\t\t\t \r\n\t\t\t\t\t\t\t\t<span class=\"ac_title_class\">\r\n\t\t\t\t\t\t\t\t\tSedes de la UNAM en el Extranjero\t\t\t\t\t\t\t\t<\/span>\r\n\t\t\t\t\t\t\t<\/a>\r\n\t\t\t\t\t\t  <\/h4>\r\n\t\t\t\t\t\t<\/div>\r\n\t\t\t\t\t\t<div id=\"ac_414_collapse5\" class=\"wpsm_panel-collapse collapse \"  >\r\n\t\t\t\t\t\t  <div class=\"wpsm_panel-body\">\r\n\t\t\t\t\t\t\t<br><br>\r\nPaula de Gortari Pedroza<br>\r\n<strong>Directora UNAM San Antonio<\/strong><br>\r\n<a href=\"mailto:pgortari@unam.mx\"> pgortari@unam.mx<\/a>  <br><br>\r\n\r\n<a class=\"boton_dir\" style=\"margin: center\" href=\"https:\/\/unamsa.edu\/mx\/administration-directory\/\" rel=\"noopener noreferrer\"><span class=\"fongothanbold\"> Liga directorio UNAM San Antonio<\/span><\/a><br><br><br><br>\r\n\r\n\r\nConstantino Mac\u00edas Garcia<br>\r\n<strong>Director UNAM Canad\u00e1<\/strong><br>\r\n<a href=\"mailto:maciasg@unamcanada.com\"> maciasg@unamcanada.com <\/a>  <br><br>\r\n\r\n\r\n<a class=\"boton_dir\" style=\"margin: center\" href=\"https:\/\/canada.unam.mx\/es\/directorio\/\" rel=\"noopener noreferrer\"><span class=\"fongothanbold\">Liga directorio UNAM Canad\u00e1<\/span><\/a><br><br><br><br>\r\n\r\nGuillermo Pulido Gonz\u00e1lez<br>\r\n<strong>Director UNAM Chicago<\/strong><br>\r\n<a href=\"mailto:gpulido@chicago.unam.mx\"> gpulido@chicago.unam.mx<\/a>  <br><br>\r\n\r\n\r\n<a class=\"boton_dir\" style=\"margin: center\" href=\"http:\/\/www.chicago.unam.mx\/directory\" rel=\"noopener noreferrer\"><span class=\"fongothanbold\">Liga directorio UNAM Chicago<\/span><\/a><br><br><br><br>\r\n\r\nSandra Lorenzano Schifrim<br>\r\n<strong>Directora UNAM Cuba<\/strong><br>\r\n<a href=\"mailto:sandra.lorenzano@unam.mx\"> sandra.lorenzano@unam.mx<\/a><br><br>\r\n\r\n\r\n<a class=\"boton_dir\" style=\"margin: center\" href=\"https:\/\/cuba.unam.mx\/?page_id=161\" rel=\"noopener noreferrer\"><span class=\"fongothanbold\">Liga directorio UNAM Cuba<\/span><\/a><br><br><br><br>\r\n\r\n\r\n\r\n<strong>UNAM Los \u00c1ngeles<\/strong><br><br>\r\n\r\n<a class=\"boton_dir\" style=\"margin: center\" href=\"https:\/\/www.unamla.org\/directorio\" rel=\"noopener noreferrer\"><span class=\"fongothanbold\">Liga directorio UNAM Los \u00c1ngeles<\/span><\/a><br><br><br><br>\r\n\r\n\r\nAdalberto Noyola Robles<br>\r\n<strong>Director UNAM China<\/strong><br>\r\n<a href=\"mailto:noyola@china.unam.mx\"> noyola@china.unam.mx<\/a>  <br><br>\r\n\r\n\r\n<a class=\"boton_dir\" style=\"margin: center\" href=\"https:\/\/china.unam.mx\/directorio\/\" rel=\"noopener noreferrer\"><span class=\"fongothanbold\">Liga directorio UNAM China<\/span><\/a><br><br><br><br>\r\n\r\n\r\nJorge Luis Volpi Escalante<br>\r\n<strong>Director UNAM Espa\u00f1a<\/strong><br>\r\n<a href=\"mailto:jvolpi@unam.mx\"> jvolpi@unam.mx<\/a>  <br><br>\r\n\r\n<a class=\"boton_dir\" style=\"margin: center\" href=\"http:\/\/www.cemespana.unam.mx\/directorio.php\" rel=\"noopener noreferrer\"><span class=\"fongothanbold\">Liga directorio UNAM Espa\u00f1a<\/span><\/a><br><br><br><br>\r\n\r\n\r\nRodrigo D\u00edaz Maldonado<br>\r\n<strong>Director UNAM Francia<\/strong><br>\r\n<a href=\"mailto:rodrigodiaz@francia.unam.mx\"> rodrigodiaz@francia.unam.mx<\/a>  <br><br>\r\n\r\n<a class=\"boton_dir\" style=\"margin: center\" href=\"https:\/\/francia.unam.mx\/directorio\/\" rel=\"noopener noreferrer\"><span class=\"fongothanbold\">Liga directorio UNAM Francia<\/span><\/a><br><br><br><br>\r\n\r\n\r\nJes\u00fas Antonio Del R\u00edo Portilla<br>\r\n<strong>Director UNAM Reino Unido<\/strong><br>\r\n<a href=\"mailto:antonio@unam.mx\"> antonio@unam.mx <\/a>  <br><br>\r\n\r\n\r\n<a class=\"boton_dir\" style=\"margin: center\" href=\"https:\/\/unitedkingdom.unam.mx\/unam-uk\/people\/\" rel=\"noopener noreferrer\"><span class=\"fongothanbold\">Liga directorio UNAM Reino Unido<\/span><\/a><br><br><br><br>\r\n\r\n\r\nCatalina Stern Forgach<br>\r\n<strong>Directora UNAM Tucson<\/strong><br>\r\n<a href=\"mailto:catalina@tucson.unam.mx\"> catalina@tucson.unam.mx<\/a>  <br><br>\r\n\r\n<a class=\"boton_dir\" style=\"margin: center\" href=\"https:\/\/www.tucson.unam.mx\/directorio\" rel=\"noopener noreferrer\"><span class=\"fongothanbold\">Liga directorio UNAM Tucson<\/span><\/a><br><br><br><br>\r\n\r\n\r\nJos\u00e9 Alejandro Vel\u00e1zquez Montes<br>\r\n<strong>Director UNAM Alemania<\/strong><br>\r\n<a href=\"mailto:avelazquez@unam.mx\"> avelazquez@unam.mx<\/a>  <br><br>\r\n\r\n\r\n<a class=\"boton_dir\" style=\"margin: center\" href=\"http:\/\/www.alemania.unam.mx\/Directorio.html\" rel=\"noopener noreferrer\"><span class=\"fongothanbold\">Liga directorio UNAM Alemania<\/span><\/a><br><br><br><br>\r\n\r\n\r\nJavier Laguna Calder\u00f3n<br>\r\n<strong>Director UNAM Boston<\/strong><br>\r\n<a href=\"mailto:laguna@boston.unam.mx\"> laguna@boston.unam.mx<\/a>  <br><br>\r\n\r\n<a class=\"boton_dir\" style=\"margin: center\" href=\"http:\/\/www.boston.unam.mx\/team\" rel=\"noopener noreferrer\"><span class=\"fongothanbold\">Liga directorio UNAM Boston<\/span><\/a><br><br><br><br>\r\n\r\n\r\n\r\n\t\t\t\t\t\t  <\/div>\r\n\t\t\t\t\t\t<\/div>\r\n\t\t\t\t\t<\/div>\r\n\t\t\t\t\t<!-- Inner panel End -->\r\n\t\t\t\t\t\r\n\t\t\t\t\t\t\t<\/div>\r\n\t\t\t\r\n<script type=\"text\/javascript\">\r\n\t\r\n\t\tfunction do_resize(){\r\n\r\n\t\t\tvar width=jQuery( '.wpsm_panel .wpsm_panel-body iframe' ).width();\r\n\t\t\tvar height=jQuery( '.wpsm_panel .wpsm_panel-body iframe' ).height();\r\n\r\n\t\t\tvar toggleSize = true;\r\n\t\t\tjQuery('iframe').animate({\r\n\t\t\t    width: toggleSize ? width : 640,\r\n\t\t\t    height: toggleSize ? height : 360\r\n\t\t\t  }, 250);\r\n\r\n\t\t\t  toggleSize = !toggleSize;\r\n\t\t}\r\n\t\t\r\n<\/script>\t\n<br>\n<\/div><\/div><div id=\"panel-232-0-1-2\" class=\"widget_text so-panel widget widget_custom_html\" data-index=\"2\" ><div class=\"textwidget custom-html-widget\"><center>\n<iframe src=\"https:\/\/www.google.com\/maps\/embed?pb=!1m14!1m8!1m3!1d7848.061298401148!2d-99.18293783493704!3d19.31253880386123!3m2!1i1024!2i768!4f13.1!3m3!1m2!1s0x0%3A0x38314dfaaeb0aa21!2sCRAI%20UNAM!5e0!3m2!1ses-419!2sco!4v1638921576690!5m2!1ses-419!2sco\" width=\"900\" height=\"450\" style=\"border:0;\" allowfullscreen=\"\" loading=\"lazy\"><\/iframe>\n\t<\/center><\/div><\/div><div id=\"panel-232-0-1-3\" class=\"so-panel widget widget_text panel-last-child\" data-index=\"3\" ><div class=\"panel-widget-style panel-widget-style-for-232-0-1-3\" >\t\t\t<div class=\"textwidget\"><h5><center><strong>Coordinaci\u00f3n de Relaciones y Asuntos Internacionales<\/strong><br \/>\nEdificio CIPPS \u2013 Centro de Investigaci\u00f3n en Poblaci\u00f3n, Pol\u00edticas y Salud<br \/>\nPlanta Baja, Unidad Internacional de Sedes Universitarias<br \/>\nCircuito Cultural s\/n<br \/>\nCiudad Universitaria, M\u00e9xico, D.F.<br \/>\nC.P. 04510<\/center><br \/>\n<span style=\"color: #000;\"><span style=\"font-weight: 500;\">\u00a0<\/span><\/span><\/h5>\n<\/div>\n\t\t<\/div><\/div><\/div><div id=\"pgc-232-0-2\"  class=\"panel-grid-cell panel-grid-cell-empty\" ><\/div><\/div><\/div>","protected":false},"excerpt":{"rendered":"<p>Coordinaci\u00f3n de Relaciones y Asuntos Internacionales Edificio CIPPS \u2013 Centro de Investigaci\u00f3n en Poblaci\u00f3n, Pol\u00edticas y Salud Planta Baja, Unidad Internacional de Sedes Universitarias Circuito Cultural s\/n Ciudad Universitaria, M\u00e9xico, [&hellip;]<\/p>\n","protected":false},"author":3,"featured_media":0,"parent":0,"menu_order":0,"comment_status":"closed","ping_status":"closed","template":"","meta":{"_EventAllDay":false,"_EventTimezone":"","_EventStartDate":"","_EventEndDate":"","_EventStartDateUTC":"","_EventEndDateUTC":"","_EventShowMap":false,"_EventShowMapLink":false,"_EventURL":"","_EventCost":"","_EventCostDescription":"","_EventCurrencySymbol":"","_EventCurrencyCode":"","_EventCurrencyPosition":"","_EventDateTimeSeparator":"","_EventTimeRangeSeparator":"","_EventOrganizerID":[],"_EventVenueID":0,"_OrganizerEmail":"","_OrganizerPhone":"","_OrganizerWebsite":"","_VenueAddress":"","_VenueCity":"","_VenueCountry":"","_VenueProvince":"","_VenueZip":"","_VenuePhone":"","_VenueURL":"","_VenueStateProvince":"","_VenueLat":"","_VenueLng":"","_tribe_blocks_recurrence_rules":"","_tribe_blocks_recurrence_description":"","_tribe_blocks_recurrence_exclusions":"","footnotes":""},"_links":{"self":[{"href":"https:\/\/sedesenelextranjero.unam.mx\/index.php\/wp-json\/wp\/v2\/pages\/232"}],"collection":[{"href":"https:\/\/sedesenelextranjero.unam.mx\/index.php\/wp-json\/wp\/v2\/pages"}],"about":[{"href":"https:\/\/sedesenelextranjero.unam.mx\/index.php\/wp-json\/wp\/v2\/types\/page"}],"author":[{"embeddable":true,"href":"https:\/\/sedesenelextranjero.unam.mx\/index.php\/wp-json\/wp\/v2\/users\/3"}],"replies":[{"embeddable":true,"href":"https:\/\/sedesenelextranjero.unam.mx\/index.php\/wp-json\/wp\/v2\/comments?post=232"}],"version-history":[{"count":63,"href":"https:\/\/sedesenelextranjero.unam.mx\/index.php\/wp-json\/wp\/v2\/pages\/232\/revisions"}],"predecessor-version":[{"id":2949,"href":"https:\/\/sedesenelextranjero.unam.mx\/index.php\/wp-json\/wp\/v2\/pages\/232\/revisions\/2949"}],"wp:attachment":[{"href":"https:\/\/sedesenelextranjero.unam.mx\/index.php\/wp-json\/wp\/v2\/media?parent=232"}],"curies":[{"name":"wp","href":"https:\/\/api.w.org\/{rel}","templated":true}]}}