{"id":1278,"date":"2021-10-07T02:55:22","date_gmt":"2021-10-07T02:55:22","guid":{"rendered":"http:\/\/132.247.225.120\/cultura\/?page_id=1278"},"modified":"2023-01-10T17:48:47","modified_gmt":"2023-01-10T17:48:47","slug":"plan-de-desarrollo-institucional","status":"publish","type":"page","link":"https:\/\/sedesenelextranjero.unam.mx\/index.php\/plan-de-desarrollo-institucional\/","title":{"rendered":"Plan de Desarrollo Institucional"},"content":{"rendered":"<div id=\"pl-1278\"  class=\"panel-layout\" ><div id=\"pg-1278-0\"  class=\"panel-grid panel-no-style\" ><div id=\"pgc-1278-0-0\"  class=\"panel-grid-cell\" ><div id=\"panel-1278-0-0-0\" class=\"widget_text so-panel widget widget_custom_html panel-first-child\" data-index=\"0\" ><div class=\"textwidget custom-html-widget\"><br><\/div><\/div><div id=\"panel-1278-0-0-1\" class=\"so-panel widget widget_maxmegamenu\" data-index=\"1\" ><div id=\"mega-menu-wrap-max_mega_menu_1\" class=\"mega-menu-wrap\"><div class=\"mega-menu-toggle\"><div class=\"mega-toggle-blocks-left\"><\/div><div class=\"mega-toggle-blocks-center\"><\/div><div class=\"mega-toggle-blocks-right\"><div class='mega-toggle-block mega-menu-toggle-animated-block mega-toggle-block-0' id='mega-toggle-block-0'><button aria-label=\"Toggle Menu\" class=\"mega-toggle-animated mega-toggle-animated-slider\" type=\"button\" aria-expanded=\"false\">\n                  <span class=\"mega-toggle-animated-box\">\n                    <span class=\"mega-toggle-animated-inner\"><\/span>\n                  <\/span>\n                <\/button><\/div><\/div><\/div><ul id=\"mega-menu-max_mega_menu_1\" class=\"mega-menu max-mega-menu mega-menu-horizontal mega-no-js\" data-event=\"hover\" data-effect=\"fade_up\" data-effect-speed=\"200\" data-effect-mobile=\"disabled\" data-effect-speed-mobile=\"0\" data-mobile-force-width=\"false\" data-second-click=\"go\" data-document-click=\"collapse\" data-vertical-behaviour=\"standard\" data-breakpoint=\"768\" data-unbind=\"true\" data-mobile-state=\"collapse_all\" data-hover-intent-timeout=\"300\" data-hover-intent-interval=\"100\"><li class='mega-menu-item mega-menu-item-type-post_type mega-menu-item-object-page mega-align-bottom-left mega-menu-flyout mega-menu-item-1445' id='mega-menu-item-1445'><a class=\"mega-menu-link\" href=\"https:\/\/sedesenelextranjero.unam.mx\/index.php\/sedes\/\" tabindex=\"0\">Sedes<\/a><\/li><li class='mega-menu-item mega-menu-item-type-post_type mega-menu-item-object-page mega-align-bottom-left mega-menu-flyout mega-menu-item-1203' id='mega-menu-item-1203'><a class=\"mega-menu-link\" href=\"https:\/\/sedesenelextranjero.unam.mx\/index.php\/historia\/\" tabindex=\"0\">Historia<\/a><\/li><li class='mega-menu-item mega-menu-item-type-post_type mega-menu-item-object-page mega-align-bottom-left mega-menu-flyout mega-menu-item-1204' id='mega-menu-item-1204'><a class=\"mega-menu-link\" href=\"https:\/\/sedesenelextranjero.unam.mx\/index.php\/mision\/\" tabindex=\"0\">Misi\u00f3n y Visi\u00f3n<\/a><\/li><li class='mega-menu-item mega-menu-item-type-post_type mega-menu-item-object-page mega-align-bottom-left mega-menu-flyout mega-menu-item-1291' id='mega-menu-item-1291'><a class=\"mega-menu-link\" href=\"https:\/\/sedesenelextranjero.unam.mx\/index.php\/plan-de-desarrollo-institucional\/\" tabindex=\"0\">Plan de Desarrollo Institucional<\/a><\/li><\/ul><\/div><\/div><div id=\"panel-1278-0-0-2\" class=\"widget_text so-panel widget widget_custom_html panel-last-child\" data-index=\"2\" ><div class=\"textwidget custom-html-widget\"><br><\/div><\/div><\/div><\/div><div id=\"pg-1278-1\"  class=\"panel-grid panel-no-style\" ><div id=\"pgc-1278-1-0\"  class=\"panel-grid-cell panel-grid-cell-empty\" ><\/div><div id=\"pgc-1278-1-1\"  class=\"panel-grid-cell\" ><div id=\"panel-1278-1-1-0\" class=\"so-panel widget widget_text panel-first-child panel-last-child\" data-index=\"3\" >\t\t\t<div class=\"textwidget\"><p><\/p>\n<h3 style=\"line-height: 150%;\"><strong>Plan de Desarrollo Institucional<\/strong><\/h3>\n<\/div>\n\t\t<\/div><\/div><div id=\"pgc-1278-1-2\"  class=\"panel-grid-cell panel-grid-cell-mobile-last\" ><div id=\"panel-1278-1-2-0\" class=\"so-panel widget widget_text panel-first-child panel-last-child\" data-index=\"4\" >\t\t\t<div class=\"textwidget\"><p><span style=\"color: #000;\"><br \/>\n<span style=\"font-weight: 400;\">El Plan de Desarrollo Institucional 2019-2023, plantea como prop\u00f3sito de las sedes en el extranjero:<\/span><\/span><\/p>\n<p>&nbsp;<\/p>\n<p><span style=\"font-weight: 400;\">Fomentar la internacionalizaci\u00f3n de la UNAM, a trav\u00e9s del desarrollo de actividades de vinculaci\u00f3n, cooperaci\u00f3n y colaboraci\u00f3n inter e intrainstitucional.\u00a0<\/span><\/p>\n<p>&nbsp;<\/p>\n<p><span style=\"font-weight: 400;\">Impulsar la movilidad estudiantil y acad\u00e9mica (entrante y saliente) en modalidad presencial, a distancia o mixta y el desarrollo de programas acad\u00e9micos internacionales como un mecanismo de fortalecimiento en el manejo de lenguas y otras habilidades profesionales.\u00a0<\/span><\/p>\n<p>&nbsp;<\/p>\n<p><span style=\"font-weight: 400;\">Promover la ense\u00f1anza y certificaci\u00f3n del espa\u00f1ol y la difusi\u00f3n de la cultura mexicana; y apoyar a la comunidad mexicana que radica en la zona de influencia de las Sedes. <\/span><\/p>\n<\/div>\n\t\t<\/div><\/div><div id=\"pgc-1278-1-3\"  class=\"panel-grid-cell panel-grid-cell-empty\" ><\/div><\/div><div id=\"pg-1278-2\"  class=\"panel-grid panel-no-style\" ><div id=\"pgc-1278-2-0\"  class=\"panel-grid-cell\" ><div id=\"panel-1278-2-0-0\" class=\"widget_text so-panel widget widget_custom_html panel-first-child panel-last-child\" data-index=\"5\" ><div class=\"textwidget custom-html-widget\"><br><br><br><br><\/div><\/div><\/div><\/div><\/div>","protected":false},"excerpt":{"rendered":"<p>Plan de Desarrollo Institucional El Plan de Desarrollo Institucional 2019-2023, plantea como prop\u00f3sito de las sedes en el extranjero: &nbsp; Fomentar la internacionalizaci\u00f3n de la UNAM, a trav\u00e9s del desarrollo [&hellip;]<\/p>\n","protected":false},"author":3,"featured_media":0,"parent":0,"menu_order":0,"comment_status":"closed","ping_status":"closed","template":"","meta":{"_EventAllDay":false,"_EventTimezone":"","_EventStartDate":"","_EventEndDate":"","_EventStartDateUTC":"","_EventEndDateUTC":"","_EventShowMap":false,"_EventShowMapLink":false,"_EventURL":"","_EventCost":"","_EventCostDescription":"","_EventCurrencySymbol":"","_EventCurrencyCode":"","_EventCurrencyPosition":"","_EventDateTimeSeparator":"","_EventTimeRangeSeparator":"","_EventOrganizerID":[],"_EventVenueID":0,"_OrganizerEmail":"","_OrganizerPhone":"","_OrganizerWebsite":"","_VenueAddress":"","_VenueCity":"","_VenueCountry":"","_VenueProvince":"","_VenueZip":"","_VenuePhone":"","_VenueURL":"","_VenueStateProvince":"","_VenueLat":"","_VenueLng":"","_tribe_blocks_recurrence_rules":"","_tribe_blocks_recurrence_description":"","_tribe_blocks_recurrence_exclusions":"","footnotes":""},"_links":{"self":[{"href":"https:\/\/sedesenelextranjero.unam.mx\/index.php\/wp-json\/wp\/v2\/pages\/1278"}],"collection":[{"href":"https:\/\/sedesenelextranjero.unam.mx\/index.php\/wp-json\/wp\/v2\/pages"}],"about":[{"href":"https:\/\/sedesenelextranjero.unam.mx\/index.php\/wp-json\/wp\/v2\/types\/page"}],"author":[{"embeddable":true,"href":"https:\/\/sedesenelextranjero.unam.mx\/index.php\/wp-json\/wp\/v2\/users\/3"}],"replies":[{"embeddable":true,"href":"https:\/\/sedesenelextranjero.unam.mx\/index.php\/wp-json\/wp\/v2\/comments?post=1278"}],"version-history":[{"count":38,"href":"https:\/\/sedesenelextranjero.unam.mx\/index.php\/wp-json\/wp\/v2\/pages\/1278\/revisions"}],"predecessor-version":[{"id":4497,"href":"https:\/\/sedesenelextranjero.unam.mx\/index.php\/wp-json\/wp\/v2\/pages\/1278\/revisions\/4497"}],"wp:attachment":[{"href":"https:\/\/sedesenelextranjero.unam.mx\/index.php\/wp-json\/wp\/v2\/media?parent=1278"}],"curies":[{"name":"wp","href":"https:\/\/api.w.org\/{rel}","templated":true}]}}